{"id":117,"date":"2021-08-21T18:06:22","date_gmt":"2021-08-21T21:06:22","guid":{"rendered":"https:\/\/prronto.com.br\/portal\/?page_id=117"},"modified":"2022-01-18T17:31:53","modified_gmt":"2022-01-18T20:31:53","slug":"index","status":"publish","type":"page","link":"https:\/\/prronto.com.br\/portal\/","title":{"rendered":"Transformando Minera\u00e7\u00e3o em um modelo sustent\u00e1vel"},"content":{"rendered":"\t\t<div data-elementor-type=\"wp-page\" data-elementor-id=\"117\" class=\"elementor elementor-117\" data-elementor-settings=\"[]\">\n\t\t\t\t\t\t\t<div class=\"elementor-section-wrap\">\n\t\t\t\t\t\t\t<div class=\"elementor-section elementor-top-section elementor-element elementor-element-6c46583 elementor-hidden-desktop elementor-hidden-tablet elementor-section-boxed elementor-section-height-default elementor-section-height-default\" data-id=\"6c46583\" data-element_type=\"section\">\n\t\t\t\t\t\t<div class=\"elementor-container elementor-column-gap-default\">\n\t\t\t\t\t<div class=\"elementor-column elementor-col-100 elementor-top-column elementor-element elementor-element-bba1ebf\" data-id=\"bba1ebf\" data-element_type=\"column\">\n\t\t\t<div class=\"elementor-widget-wrap elementor-element-populated\">\n\t\t\t\t\t\t\t\t<div class=\"elementor-element elementor-element-7ea4ab5 elementor--h-position-center elementor--v-position-middle elementor-widget elementor-widget-slides\" data-id=\"7ea4ab5\" data-element_type=\"widget\" data-settings=\"{&quot;navigation&quot;:&quot;none&quot;,&quot;autoplay&quot;:&quot;yes&quot;,&quot;pause_on_hover&quot;:&quot;yes&quot;,&quot;pause_on_interaction&quot;:&quot;yes&quot;,&quot;autoplay_speed&quot;:5000,&quot;infinite&quot;:&quot;yes&quot;,&quot;transition&quot;:&quot;slide&quot;,&quot;transition_speed&quot;:500}\" data-widget_type=\"slides.default\">\n\t\t\t\t<div class=\"elementor-widget-container\">\n\t\t\t\t\t<div class=\"elementor-swiper\">\n\t\t\t<div class=\"elementor-slides-wrapper elementor-main-swiper swiper-container\" dir=\"ltr\" data-animation=\"\">\n\t\t\t\t<div class=\"swiper-wrapper elementor-slides\">\n\t\t\t\t\t\t\t\t\t\t<div class=\"elementor-repeater-item-76cf836 swiper-slide\"><div class=\"swiper-slide-bg\"><\/div><div class=\"swiper-slide-inner\" ><div class=\"swiper-slide-contents\"><\/div><\/div><\/div><div class=\"elementor-repeater-item-58eb233 swiper-slide\"><div class=\"swiper-slide-bg\"><\/div><div class=\"swiper-slide-inner\" ><div class=\"swiper-slide-contents\"><\/div><\/div><\/div><div class=\"elementor-repeater-item-655c5d7 swiper-slide\"><div class=\"swiper-slide-bg\"><\/div><div class=\"swiper-slide-inner\" ><div class=\"swiper-slide-contents\"><\/div><\/div><\/div><div class=\"elementor-repeater-item-f4e2d25 swiper-slide\"><div class=\"swiper-slide-bg\"><\/div><div class=\"swiper-slide-inner\" ><div class=\"swiper-slide-contents\"><\/div><\/div><\/div>\t\t\t\t<\/div>\n\t\t\t\t\t\t\t\t\t\t\t\t\t\t\t\t\t\t\t\t\t<\/div>\n\t\t<\/div>\n\t\t\t\t<\/div>\n\t\t\t\t<\/div>\n\t\t\t\t\t<\/div>\n\t\t<\/div>\n\t\t\t\t\t\t\t<\/div>\n\t\t<\/div>\n\t\t\t\t<section class=\"elementor-section elementor-top-section elementor-element elementor-element-dc65513 elementor-section-full_width elementor-hidden-mobile elementor-section-height-default elementor-section-height-default\" data-id=\"dc65513\" data-element_type=\"section\">\n\t\t\t\t\t\t<div class=\"elementor-container elementor-column-gap-default\">\n\t\t\t\t\t<div class=\"elementor-column elementor-col-100 elementor-top-column elementor-element elementor-element-6ad7018\" data-id=\"6ad7018\" data-element_type=\"column\">\n\t\t\t<div class=\"elementor-widget-wrap elementor-element-populated\">\n\t\t\t\t\t\t\t\t<div class=\"elementor-element elementor-element-3011830 elementor-widget elementor-widget-html\" data-id=\"3011830\" data-element_type=\"widget\" data-widget_type=\"html.default\">\n\t\t\t\t<div class=\"elementor-widget-container\">\n\t\t\t<div class=\"jSlider\" id=\"slider1\" data-loop=\"true\">\r\n\t<div><img src=\"https:\/\/prronto.com.br\/portal\/wp-content\/uploads\/2021\/12\/Hero-1.jpg\" alt=\"sample photo\">\r\n\t\t<div class=\"sub-content\">\r\n\t\t\t<p>O seu \u201cRejeito\u201d \u00e9 mat\u00e9ria-prima para outras industrias.<br>\r\n\t\t\tTransforme-o e feche o ciclo da minera\u00e7\u00e3o!<\/p>\r\n\t\t<\/div>\r\n\t<\/div>\r\n\t\r\n\t<div><img src=\"https:\/\/prronto.com.br\/portal\/wp-content\/uploads\/2021\/12\/Hero-2.jpg\" alt=\"sample photo\">\t<\/div>\r\n\t<div><img src=\"https:\/\/prronto.com.br\/portal\/wp-content\/uploads\/2021\/12\/Hero-3.jpg\" alt=\"sample photo\">\t<\/div>\r\n\t<div><img src=\"https:\/\/prronto.com.br\/portal\/wp-content\/uploads\/2021\/12\/Hero-4.jpg\" alt=\"sample photo\">\t<\/div>\r\n<\/div>\r\n\t\t<\/div>\n\t\t\t\t<\/div>\n\t\t\t\t\t<\/div>\n\t\t<\/div>\n\t\t\t\t\t\t\t<\/div>\n\t\t<\/section>\n\t\t\t\t<section class=\"elementor-section elementor-top-section elementor-element elementor-element-47f58330 marcas elementor-section-boxed elementor-section-height-default elementor-section-height-default\" data-id=\"47f58330\" data-element_type=\"section\" data-settings=\"{&quot;background_background&quot;:&quot;classic&quot;}\">\n\t\t\t\t\t\t<div class=\"elementor-container elementor-column-gap-default\">\n\t\t\t\t\t<section class=\"elementor-column elementor-col-100 elementor-top-column elementor-element elementor-element-43727694\" data-id=\"43727694\" data-element_type=\"column\">\n\t\t\t<div class=\"elementor-widget-wrap elementor-element-populated\">\n\t\t\t\t\t\t\t\t<div class=\"elementor-element elementor-element-4f172397 elementor-arrows-position-outside elementor-widget elementor-widget-image-carousel\" data-id=\"4f172397\" data-element_type=\"widget\" data-settings=\"{&quot;slides_to_show&quot;:&quot;4&quot;,&quot;slides_to_scroll&quot;:&quot;1&quot;,&quot;navigation&quot;:&quot;arrows&quot;,&quot;image_spacing_custom&quot;:{&quot;unit&quot;:&quot;px&quot;,&quot;size&quot;:68,&quot;sizes&quot;:[]},&quot;slides_to_show_tablet&quot;:&quot;4&quot;,&quot;slides_to_show_mobile&quot;:&quot;2&quot;,&quot;slides_to_scroll_tablet&quot;:&quot;1&quot;,&quot;pause_on_hover&quot;:&quot;no&quot;,&quot;autoplay&quot;:&quot;yes&quot;,&quot;pause_on_interaction&quot;:&quot;yes&quot;,&quot;autoplay_speed&quot;:5000,&quot;infinite&quot;:&quot;yes&quot;,&quot;speed&quot;:500}\" data-widget_type=\"image-carousel.default\">\n\t\t\t\t<div class=\"elementor-widget-container\">\n\t\t\t\t\t<div class=\"elementor-image-carousel-wrapper swiper-container\" dir=\"ltr\">\n\t\t\t<div class=\"elementor-image-carousel swiper-wrapper\">\n\t\t\t\t\t\t\t\t<div class=\"swiper-slide\"><figure class=\"swiper-slide-inner\"><img class=\"swiper-slide-image\" src=\"https:\/\/prronto.com.br\/portal\/wp-content\/uploads\/elementor\/thumbs\/cba-pgxp7keffw730kcivgssxdwy15x1mrotgou2xi0arg.png\" alt=\"cba\" \/><\/figure><\/div><div class=\"swiper-slide\"><figure class=\"swiper-slide-inner\"><img class=\"swiper-slide-image\" src=\"https:\/\/prronto.com.br\/portal\/wp-content\/uploads\/elementor\/thumbs\/votoratim-pgxp7p3me2dimm5p40txruq9039vp97h5c3ibvtbwc.png\" alt=\"votoratim\" \/><\/figure><\/div><div class=\"swiper-slide\"><figure class=\"swiper-slide-inner\"><img class=\"swiper-slide-image\" src=\"https:\/\/prronto.com.br\/portal\/wp-content\/uploads\/elementor\/thumbs\/clariant-pgxp7keffw730kcivgssxdwy15x1mrotgou2xi0arg.png\" alt=\"clariant\" \/><\/figure><\/div><div class=\"swiper-slide\"><figure class=\"swiper-slide-inner\"><img class=\"swiper-slide-image\" src=\"https:\/\/prronto.com.br\/portal\/wp-content\/uploads\/elementor\/thumbs\/logo-cdtn-pj7locuh9aeukt48umwhzm9iwhra4y5comffb62ima.png\" alt=\"logo-cdtn\" \/><\/figure><\/div><div class=\"swiper-slide\"><figure class=\"swiper-slide-inner\"><img class=\"swiper-slide-image\" src=\"https:\/\/prronto.com.br\/portal\/wp-content\/uploads\/elementor\/thumbs\/haver-pgxp7ma3tk9nns9skhm22dfv7xns25wa4y51w1xif0.png\" alt=\"haver\" \/><\/figure><\/div><div class=\"swiper-slide\"><figure class=\"swiper-slide-inner\"><img class=\"swiper-slide-image\" src=\"https:\/\/prronto.com.br\/portal\/wp-content\/uploads\/elementor\/thumbs\/mining-pgxp7n7y0eaxze8ff00omv7btbj59v00h2sjdbw48s.png\" alt=\"mining\" \/><\/figure><\/div><div class=\"swiper-slide\"><figure class=\"swiper-slide-inner\"><img class=\"swiper-slide-image\" src=\"https:\/\/prronto.com.br\/portal\/wp-content\/uploads\/elementor\/thumbs\/nea-pgxp7n7y0eaxze8ff00omv7btbj59v00h2sjdbw48s.png\" alt=\"nea\" \/><\/figure><\/div><div class=\"swiper-slide\"><figure class=\"swiper-slide-inner\"><img class=\"swiper-slide-image\" src=\"https:\/\/prronto.com.br\/portal\/wp-content\/uploads\/elementor\/thumbs\/connect-pgxp7lc9mq8dc6b5pz7fhvoemjseugsjsthkerywl8.png\" alt=\"connect\" \/><\/figure><\/div><div class=\"swiper-slide\"><figure class=\"swiper-slide-inner\"><img class=\"swiper-slide-image\" src=\"https:\/\/prronto.com.br\/portal\/wp-content\/uploads\/elementor\/thumbs\/senai-pgxp7o5s78c8b0729ifb7cysepeihk3qt7g0uluq2k.png\" alt=\"senai\" \/><\/figure><\/div><div class=\"swiper-slide\"><figure class=\"swiper-slide-inner\"><img class=\"swiper-slide-image\" src=\"https:\/\/prronto.com.br\/portal\/wp-content\/uploads\/elementor\/thumbs\/demin-pgxp7lc9mq8dc6b5pz7fhvoemjseugsjsthkerywl8.png\" alt=\"demin\" \/><\/figure><\/div><div class=\"swiper-slide\"><figure class=\"swiper-slide-inner\"><img class=\"swiper-slide-image\" src=\"https:\/\/prronto.com.br\/portal\/wp-content\/uploads\/elementor\/thumbs\/ufmg-pgxp7o5s78c8b0729ifb7cysepeihk3qt7g0uluq2k.png\" alt=\"ufmg\" \/><\/figure><\/div><div class=\"swiper-slide\"><figure class=\"swiper-slide-inner\"><img class=\"swiper-slide-image\" src=\"https:\/\/prronto.com.br\/portal\/wp-content\/uploads\/elementor\/thumbs\/uni-pgxp7o5s78c8b0729ifb7cysepeihk3qt7g0uluq2k.png\" alt=\"uni\" \/><\/figure><\/div><div class=\"swiper-slide\"><figure class=\"swiper-slide-inner\"><img class=\"swiper-slide-image\" src=\"https:\/\/prronto.com.br\/portal\/wp-content\/uploads\/elementor\/thumbs\/artenis-pgxp7jgl925soydw0ye6cw5hfs1of2l34k6lg81oxo.png\" alt=\"artenis\" \/><\/figure><\/div><div class=\"swiper-slide\"><figure class=\"swiper-slide-inner\"><img class=\"swiper-slide-image\" src=\"https:\/\/prronto.com.br\/portal\/wp-content\/uploads\/elementor\/thumbs\/founders-pgxp7ma3tk9nns9skhm22dfv7xns25wa4y51w1xif0.png\" alt=\"founders\" \/><\/figure><\/div><div class=\"swiper-slide\"><figure class=\"swiper-slide-inner\"><img class=\"swiper-slide-image\" src=\"https:\/\/prronto.com.br\/portal\/wp-content\/uploads\/elementor\/thumbs\/fct-pgxp7lc9mq8dc6b5pz7fhvoemjseugsjsthkerywl8.png\" alt=\"fct\" \/><\/figure><\/div><div class=\"swiper-slide\"><figure class=\"swiper-slide-inner\"><img class=\"swiper-slide-image\" src=\"https:\/\/prronto.com.br\/portal\/wp-content\/uploads\/elementor\/thumbs\/lemonade-pgxp7n7y0eaxze8ff00omv7btbj59v00h2sjdbw48s.png\" alt=\"lemonade\" \/><\/figure><\/div>\t\t\t<\/div>\n\t\t\t\t\t\t\t\t\t\t\t\t\t\t\t\t<div class=\"elementor-swiper-button elementor-swiper-button-prev\">\n\t\t\t\t\t\t<i class=\"eicon-chevron-left\" aria-hidden=\"true\"><\/i>\n\t\t\t\t\t\t<span class=\"elementor-screen-only\">Anterior<\/span>\n\t\t\t\t\t<\/div>\n\t\t\t\t\t<div class=\"elementor-swiper-button elementor-swiper-button-next\">\n\t\t\t\t\t\t<i class=\"eicon-chevron-right\" aria-hidden=\"true\"><\/i>\n\t\t\t\t\t\t<span class=\"elementor-screen-only\">Pr\u00f3ximo<\/span>\n\t\t\t\t\t<\/div>\n\t\t\t\t\t\t\t\t\t<\/div>\n\t\t\t\t<\/div>\n\t\t\t\t<\/div>\n\t\t\t\t\t<\/div>\n\t\t<\/section>\n\t\t\t\t\t\t\t<\/div>\n\t\t<\/section>\n\t\t\t\t<section class=\"elementor-section elementor-top-section elementor-element elementor-element-e7729b0 marcas elementor-section-boxed elementor-section-height-default elementor-section-height-default\" data-id=\"e7729b0\" data-element_type=\"section\" data-settings=\"{&quot;background_background&quot;:&quot;classic&quot;}\">\n\t\t\t\t\t\t<div class=\"elementor-container elementor-column-gap-default\">\n\t\t\t\t\t<div class=\"elementor-column elementor-col-50 elementor-top-column elementor-element elementor-element-f4f31bb\" data-id=\"f4f31bb\" data-element_type=\"column\" data-settings=\"{&quot;background_background&quot;:&quot;classic&quot;}\">\n\t\t\t<div class=\"elementor-widget-wrap elementor-element-populated\">\n\t\t\t\t\t\t\t\t<div class=\"elementor-element elementor-element-4d6c04a elementor-widget elementor-widget-heading\" data-id=\"4d6c04a\" data-element_type=\"widget\" data-widget_type=\"heading.default\">\n\t\t\t\t<div class=\"elementor-widget-container\">\n\t\t\t<h2 class=\"elementor-heading-title elementor-size-default\">Economia ESFEROIDIZADA<\/h2>\t\t<\/div>\n\t\t\t\t<\/div>\n\t\t\t\t<div class=\"elementor-element elementor-element-0c2a971 elementor-widget elementor-widget-heading\" data-id=\"0c2a971\" data-element_type=\"widget\" data-widget_type=\"heading.default\">\n\t\t\t\t<div class=\"elementor-widget-container\">\n\t\t\t<h2 class=\"elementor-heading-title elementor-size-default\">O que fazemos?<\/h2>\t\t<\/div>\n\t\t\t\t<\/div>\n\t\t\t\t<section class=\"elementor-section elementor-inner-section elementor-element elementor-element-51a1acd elementor-section-full_width elementor-section-height-default elementor-section-height-default\" data-id=\"51a1acd\" data-element_type=\"section\" data-settings=\"{&quot;background_background&quot;:&quot;classic&quot;}\">\n\t\t\t\t\t\t<div class=\"elementor-container elementor-column-gap-default\">\n\t\t\t\t\t<div class=\"elementor-column elementor-col-50 elementor-inner-column elementor-element elementor-element-cf1a6a6\" data-id=\"cf1a6a6\" data-element_type=\"column\">\n\t\t\t<div class=\"elementor-widget-wrap elementor-element-populated\">\n\t\t\t\t\t\t\t\t<div class=\"elementor-element elementor-element-e0376fd elementor-widget elementor-widget-text-editor\" data-id=\"e0376fd\" data-element_type=\"widget\" data-widget_type=\"text-editor.default\">\n\t\t\t\t<div class=\"elementor-widget-container\">\n\t\t\t\t\t\t\t<p>Norteados pelo princ\u00edpio da economia esferoidizada*, transformamos os coprodutos da minera\u00e7\u00e3o em mat\u00e9ria-prima para a ind\u00fastria da constru\u00e7\u00e3o civil geral e pesada (argamassas, concretos, pisos intertravados, base e sub-base para pavimenta\u00e7\u00e3o&#8230;) gerando emprego, renda e desenvolvimento regional.<\/p>\t\t\t\t\t\t<\/div>\n\t\t\t\t<\/div>\n\t\t\t\t<div class=\"elementor-element elementor-element-b5d6373 elementor-widget elementor-widget-text-editor\" data-id=\"b5d6373\" data-element_type=\"widget\" data-widget_type=\"text-editor.default\">\n\t\t\t\t<div class=\"elementor-widget-container\">\n\t\t\t\t\t\t\t<p>*Economia esferoidizada: sinergia entre especialistas na \u00e1rea de inova\u00e7\u00e3o, projetos de rotas de beneficiamento, centros de pesquisa, investidores anjos, agentes p\u00fablicos, treinamento e capacita\u00e7\u00e3o de m\u00e3o-de-obra, comunidade etc.<\/p>\t\t\t\t\t\t<\/div>\n\t\t\t\t<\/div>\n\t\t\t\t\t<\/div>\n\t\t<\/div>\n\t\t\t\t<div class=\"elementor-column elementor-col-50 elementor-inner-column elementor-element elementor-element-c1bc2e2 elementor-hidden-mobile\" data-id=\"c1bc2e2\" data-element_type=\"column\" data-settings=\"{&quot;background_background&quot;:&quot;classic&quot;}\">\n\t\t\t<div class=\"elementor-widget-wrap elementor-element-populated\">\n\t\t\t\t\t\t\t\t<div class=\"elementor-element elementor-element-1ae5cd6 elementor-widget elementor-widget-image\" data-id=\"1ae5cd6\" data-element_type=\"widget\" data-widget_type=\"image.default\">\n\t\t\t\t<div class=\"elementor-widget-container\">\n\t\t\t\t\t\t\t\t\t\t\t\t\t\t\t<img width=\"109\" height=\"49\" src=\"https:\/\/prronto.com.br\/portal\/wp-content\/uploads\/2021\/12\/image-588.png\" class=\"attachment-large size-large\" alt=\"\" loading=\"lazy\" \/>\t\t\t\t\t\t\t\t\t\t\t\t\t\t\t<\/div>\n\t\t\t\t<\/div>\n\t\t\t\t\t<\/div>\n\t\t<\/div>\n\t\t\t\t\t\t\t<\/div>\n\t\t<\/section>\n\t\t\t\t<div class=\"elementor-element elementor-element-2f0ecea elementor-widget__width-initial elementor-absolute elementor-widget-divider--view-line elementor-widget elementor-widget-divider\" data-id=\"2f0ecea\" data-element_type=\"widget\" data-settings=\"{&quot;_position&quot;:&quot;absolute&quot;}\" data-widget_type=\"divider.default\">\n\t\t\t\t<div class=\"elementor-widget-container\">\n\t\t\t\t\t<div class=\"elementor-divider\">\n\t\t\t<span class=\"elementor-divider-separator\">\n\t\t\t\t\t\t<\/span>\n\t\t<\/div>\n\t\t\t\t<\/div>\n\t\t\t\t<\/div>\n\t\t\t\t\t<\/div>\n\t\t<\/div>\n\t\t\t\t<div class=\"elementor-column elementor-col-50 elementor-top-column elementor-element elementor-element-02ce75a\" data-id=\"02ce75a\" data-element_type=\"column\">\n\t\t\t<div class=\"elementor-widget-wrap elementor-element-populated\">\n\t\t\t\t\t\t\t\t<div class=\"elementor-element elementor-element-1dc0955 elementor-widget elementor-widget-image\" data-id=\"1dc0955\" data-element_type=\"widget\" data-widget_type=\"image.default\">\n\t\t\t\t<div class=\"elementor-widget-container\">\n\t\t\t\t\t\t\t\t\t\t\t\t\t\t\t<img width=\"752\" height=\"539\" src=\"https:\/\/prronto.com.br\/portal\/wp-content\/uploads\/2021\/12\/circular-economics.jpg\" class=\"attachment-large size-large\" alt=\"\" loading=\"lazy\" srcset=\"https:\/\/prronto.com.br\/portal\/wp-content\/uploads\/2021\/12\/circular-economics.jpg 752w, https:\/\/prronto.com.br\/portal\/wp-content\/uploads\/2021\/12\/circular-economics-300x215.jpg 300w\" sizes=\"(max-width: 752px) 100vw, 752px\" \/>\t\t\t\t\t\t\t\t\t\t\t\t\t\t\t<\/div>\n\t\t\t\t<\/div>\n\t\t\t\t\t<\/div>\n\t\t<\/div>\n\t\t\t\t\t\t\t<\/div>\n\t\t<\/section>\n\t\t\t\t<section class=\"elementor-section elementor-top-section elementor-element elementor-element-48dcaa0 marcas elementor-section-boxed elementor-section-height-default elementor-section-height-default\" data-id=\"48dcaa0\" data-element_type=\"section\" data-settings=\"{&quot;background_background&quot;:&quot;classic&quot;}\">\n\t\t\t\t\t\t<div class=\"elementor-container elementor-column-gap-default\">\n\t\t\t\t\t<div class=\"elementor-column elementor-col-50 elementor-top-column elementor-element elementor-element-71d4386\" data-id=\"71d4386\" data-element_type=\"column\" data-settings=\"{&quot;background_background&quot;:&quot;classic&quot;}\">\n\t\t\t<div class=\"elementor-widget-wrap elementor-element-populated\">\n\t\t\t\t\t\t\t\t<div class=\"elementor-element elementor-element-f283938 elementor-widget elementor-widget-heading\" data-id=\"f283938\" data-element_type=\"widget\" data-widget_type=\"heading.default\">\n\t\t\t\t<div class=\"elementor-widget-container\">\n\t\t\t<h2 class=\"elementor-heading-title elementor-size-default\">Tecnologia<\/h2>\t\t<\/div>\n\t\t\t\t<\/div>\n\t\t\t\t<div class=\"elementor-element elementor-element-0703913 elementor-widget__width-initial elementor-absolute elementor-widget-divider--view-line elementor-widget elementor-widget-divider\" data-id=\"0703913\" data-element_type=\"widget\" data-settings=\"{&quot;_position&quot;:&quot;absolute&quot;}\" data-widget_type=\"divider.default\">\n\t\t\t\t<div class=\"elementor-widget-container\">\n\t\t\t\t\t<div class=\"elementor-divider\">\n\t\t\t<span class=\"elementor-divider-separator\">\n\t\t\t\t\t\t<\/span>\n\t\t<\/div>\n\t\t\t\t<\/div>\n\t\t\t\t<\/div>\n\t\t\t\t<div class=\"elementor-element elementor-element-81017fd elementor-widget elementor-widget-heading\" data-id=\"81017fd\" data-element_type=\"widget\" data-widget_type=\"heading.default\">\n\t\t\t\t<div class=\"elementor-widget-container\">\n\t\t\t<h2 class=\"elementor-heading-title elementor-size-default\">Qualidade em favor<br>do meio ambiente<\/h2>\t\t<\/div>\n\t\t\t\t<\/div>\n\t\t\t\t<section class=\"elementor-section elementor-inner-section elementor-element elementor-element-f8b01f1 elementor-section-full_width elementor-section-height-default elementor-section-height-default\" data-id=\"f8b01f1\" data-element_type=\"section\" data-settings=\"{&quot;background_background&quot;:&quot;classic&quot;}\">\n\t\t\t\t\t\t<div class=\"elementor-container elementor-column-gap-default\">\n\t\t\t\t\t<div class=\"elementor-column elementor-col-100 elementor-inner-column elementor-element elementor-element-6498629\" data-id=\"6498629\" data-element_type=\"column\">\n\t\t\t<div class=\"elementor-widget-wrap elementor-element-populated\">\n\t\t\t\t\t\t\t\t<div class=\"elementor-element elementor-element-48928fc elementor-widget elementor-widget-text-editor\" data-id=\"48928fc\" data-element_type=\"widget\" data-widget_type=\"text-editor.default\">\n\t\t\t\t<div class=\"elementor-widget-container\">\n\t\t\t\t\t\t\t<p>Atrav\u00e9s de uma rota tecnol\u00f3gica de beneficiamento a seco e aglomera\u00e7\u00e3o a frio, convertemos o coproduto em uma ampla gama de mat\u00e9rias-primas, concentrando minerais em teores acima de 70% que podem ser utilizados diretamente em outras ind\u00fastrias.\u200b<\/p>\t\t\t\t\t\t<\/div>\n\t\t\t\t<\/div>\n\t\t\t\t\t<\/div>\n\t\t<\/div>\n\t\t\t\t\t\t\t<\/div>\n\t\t<\/section>\n\t\t\t\t\t<\/div>\n\t\t<\/div>\n\t\t\t\t<div class=\"elementor-column elementor-col-50 elementor-top-column elementor-element elementor-element-694a033\" data-id=\"694a033\" data-element_type=\"column\" data-settings=\"{&quot;background_background&quot;:&quot;classic&quot;}\">\n\t\t\t<div class=\"elementor-widget-wrap elementor-element-populated\">\n\t\t\t\t\t\t\t\t<div class=\"elementor-element elementor-element-3228820 elementor-widget elementor-widget-image\" data-id=\"3228820\" data-element_type=\"widget\" data-widget_type=\"image.default\">\n\t\t\t\t<div class=\"elementor-widget-container\">\n\t\t\t\t\t\t\t\t\t\t\t\t\t\t\t<img width=\"768\" height=\"619\" src=\"https:\/\/prronto.com.br\/portal\/wp-content\/uploads\/2021\/12\/pelotas-2-768x619.jpg\" class=\"attachment-medium_large size-medium_large\" alt=\"\" loading=\"lazy\" srcset=\"https:\/\/prronto.com.br\/portal\/wp-content\/uploads\/2021\/12\/pelotas-2-768x619.jpg 768w, https:\/\/prronto.com.br\/portal\/wp-content\/uploads\/2021\/12\/pelotas-2-300x242.jpg 300w, https:\/\/prronto.com.br\/portal\/wp-content\/uploads\/2021\/12\/pelotas-2.jpg 800w\" sizes=\"(max-width: 768px) 100vw, 768px\" \/>\t\t\t\t\t\t\t\t\t\t\t\t\t\t\t<\/div>\n\t\t\t\t<\/div>\n\t\t\t\t\t<\/div>\n\t\t<\/div>\n\t\t\t\t\t\t\t<\/div>\n\t\t<\/section>\n\t\t\t\t<section class=\"elementor-section elementor-top-section elementor-element elementor-element-d1cfa8a flip elementor-section-boxed elementor-section-height-default elementor-section-height-default\" data-id=\"d1cfa8a\" data-element_type=\"section\" data-settings=\"{&quot;background_background&quot;:&quot;classic&quot;}\">\n\t\t\t\t\t\t<div class=\"elementor-container elementor-column-gap-default\">\n\t\t\t\t\t<div class=\"elementor-column elementor-col-50 elementor-top-column elementor-element elementor-element-d619a4e\" data-id=\"d619a4e\" data-element_type=\"column\">\n\t\t\t<div class=\"elementor-widget-wrap elementor-element-populated\">\n\t\t\t\t\t\t\t\t<div class=\"elementor-element elementor-element-dc5ff97 elementor-widget elementor-widget-heading\" data-id=\"dc5ff97\" data-element_type=\"widget\" data-widget_type=\"heading.default\">\n\t\t\t\t<div class=\"elementor-widget-container\">\n\t\t\t<h2 class=\"elementor-heading-title elementor-size-default\">\u00c9 agora e PRRONTO!<\/h2>\t\t<\/div>\n\t\t\t\t<\/div>\n\t\t\t\t<div class=\"elementor-element elementor-element-d2fa0ca elementor-widget elementor-widget-text-editor\" data-id=\"d2fa0ca\" data-element_type=\"widget\" data-widget_type=\"text-editor.default\">\n\t\t\t\t<div class=\"elementor-widget-container\">\n\t\t\t\t\t\t\t<p>Agende um hor\u00e1rio e esteja PRRONTO para se enquadrar no mundo da minera\u00e7\u00e3o sustent\u00e1vel.<\/p><p>Um de nossos consultores entrar\u00e1 em contato com voc\u00ea!<\/p>\t\t\t\t\t\t<\/div>\n\t\t\t\t<\/div>\n\t\t\t\t<div class=\"elementor-element elementor-element-184de21 elementor-widget__width-initial elementor-absolute elementor-widget-divider--view-line elementor-widget elementor-widget-divider\" data-id=\"184de21\" data-element_type=\"widget\" data-settings=\"{&quot;_position&quot;:&quot;absolute&quot;}\" data-widget_type=\"divider.default\">\n\t\t\t\t<div class=\"elementor-widget-container\">\n\t\t\t\t\t<div class=\"elementor-divider\">\n\t\t\t<span class=\"elementor-divider-separator\">\n\t\t\t\t\t\t<\/span>\n\t\t<\/div>\n\t\t\t\t<\/div>\n\t\t\t\t<\/div>\n\t\t\t\t\t<\/div>\n\t\t<\/div>\n\t\t\t\t<div class=\"elementor-column elementor-col-50 elementor-top-column elementor-element elementor-element-55a2c99\" data-id=\"55a2c99\" data-element_type=\"column\">\n\t\t\t<div class=\"elementor-widget-wrap elementor-element-populated\">\n\t\t\t\t\t\t\t\t<div class=\"elementor-element elementor-element-d22d144 elementor-align-center elementor-widget elementor-widget-button\" data-id=\"d22d144\" data-element_type=\"widget\" data-widget_type=\"button.default\">\n\t\t\t\t<div class=\"elementor-widget-container\">\n\t\t\t\t\t<div class=\"elementor-button-wrapper\">\n\t\t\t<a href=\"https:\/\/prronto.com.br\/portal\/contato\/\" class=\"elementor-button-link elementor-button elementor-size-sm elementor-animation-float\" role=\"button\">\n\t\t\t\t\t\t<span class=\"elementor-button-content-wrapper\">\n\t\t\t\t\t\t<span class=\"elementor-button-text\">Agendar<\/span>\n\t\t<\/span>\n\t\t\t\t\t<\/a>\n\t\t<\/div>\n\t\t\t\t<\/div>\n\t\t\t\t<\/div>\n\t\t\t\t\t<\/div>\n\t\t<\/div>\n\t\t\t\t\t\t\t<\/div>\n\t\t<\/section>\n\t\t\t\t\t\t<\/div>\n\t\t\t\t\t<\/div>\n\t\t","protected":false},"excerpt":{"rendered":"<p>O seu \u201cRejeito\u201d \u00e9 mat\u00e9ria-prima para outras industrias. Transforme-o e feche o ciclo da minera\u00e7\u00e3o! Anterior Pr\u00f3ximo Economia ESFEROIDIZADA O que fazemos? Norteados pelo princ\u00edpio da economia esferoidizada*, transformamos os coprodutos da minera\u00e7\u00e3o em mat\u00e9ria-prima para a ind\u00fastria da constru\u00e7\u00e3o civil geral e pesada (argamassas, concretos, pisos intertravados, base e sub-base para pavimenta\u00e7\u00e3o&#8230;) gerando emprego, &#8230; <a title=\"Transformando Minera\u00e7\u00e3o em um modelo sustent\u00e1vel\" class=\"read-more\" href=\"https:\/\/prronto.com.br\/portal\/\" aria-label=\"More on Transformando Minera\u00e7\u00e3o em um modelo sustent\u00e1vel\">Leia mais<\/a><\/p>\n","protected":false},"author":1,"featured_media":0,"parent":0,"menu_order":0,"comment_status":"closed","ping_status":"closed","template":"elementor_header_footer","meta":[],"_links":{"self":[{"href":"https:\/\/prronto.com.br\/portal\/wp-json\/wp\/v2\/pages\/117"}],"collection":[{"href":"https:\/\/prronto.com.br\/portal\/wp-json\/wp\/v2\/pages"}],"about":[{"href":"https:\/\/prronto.com.br\/portal\/wp-json\/wp\/v2\/types\/page"}],"author":[{"embeddable":true,"href":"https:\/\/prronto.com.br\/portal\/wp-json\/wp\/v2\/users\/1"}],"replies":[{"embeddable":true,"href":"https:\/\/prronto.com.br\/portal\/wp-json\/wp\/v2\/comments?post=117"}],"version-history":[{"count":462,"href":"https:\/\/prronto.com.br\/portal\/wp-json\/wp\/v2\/pages\/117\/revisions"}],"predecessor-version":[{"id":5191,"href":"https:\/\/prronto.com.br\/portal\/wp-json\/wp\/v2\/pages\/117\/revisions\/5191"}],"wp:attachment":[{"href":"https:\/\/prronto.com.br\/portal\/wp-json\/wp\/v2\/media?parent=117"}],"curies":[{"name":"wp","href":"https:\/\/api.w.org\/{rel}","templated":true}]}}